{"id":1819,"date":"2022-04-26T16:48:33","date_gmt":"2022-04-26T14:48:33","guid":{"rendered":"https:\/\/www.svh-media.de\/?page_id=1819"},"modified":"2025-01-02T10:50:13","modified_gmt":"2025-01-02T09:50:13","slug":"terminbuchung","status":"publish","type":"page","link":"https:\/\/www.svh-media.de\/en\/terminbuchung\/","title":{"rendered":"TERMINBUCHUNG"},"content":{"rendered":"\t\t<div data-elementor-type=\"wp-page\" data-elementor-id=\"1819\" class=\"elementor elementor-1819\" data-elementor-post-type=\"page\">\n\t\t\t\t\t\t<section class=\"elementor-section elementor-top-section elementor-element elementor-element-7cbdbcb elementor-section-boxed elementor-section-height-default elementor-section-height-default\" data-id=\"7cbdbcb\" data-element_type=\"section\" data-e-type=\"section\">\n\t\t\t\t\t\t<div class=\"elementor-container elementor-column-gap-default\">\n\t\t\t\t\t<div class=\"elementor-column elementor-col-100 elementor-top-column elementor-element elementor-element-615572b\" data-id=\"615572b\" data-element_type=\"column\" data-e-type=\"column\">\n\t\t\t<div class=\"elementor-widget-wrap elementor-element-populated\">\n\t\t\t\t\t\t<div class=\"elementor-element elementor-element-a686af5 elementor-widget elementor-widget-spacer\" data-id=\"a686af5\" data-element_type=\"widget\" data-e-type=\"widget\" data-widget_type=\"spacer.default\">\n\t\t\t\t<div class=\"elementor-widget-container\">\n\t\t\t\t\t\t\t<div class=\"elementor-spacer\">\n\t\t\t<div class=\"elementor-spacer-inner\"><\/div>\n\t\t<\/div>\n\t\t\t\t\t\t<\/div>\n\t\t\t\t<\/div>\n\t\t\t\t<div class=\"elementor-element elementor-element-b911415 elementor-widget elementor-widget-heading\" data-id=\"b911415\" data-element_type=\"widget\" data-e-type=\"widget\" data-widget_type=\"heading.default\">\n\t\t\t\t<div class=\"elementor-widget-container\">\n\t\t\t\t\t<h2 class=\"elementor-heading-title elementor-size-default\">Kostenloses Beratungsgespr\u00e4ch<\/h2>\t\t\t\t<\/div>\n\t\t\t\t<\/div>\n\t\t\t\t<div class=\"elementor-element elementor-element-a3add36 animated-slow elementor-widget__width-initial elementor-invisible elementor-widget elementor-widget-text-editor\" data-id=\"a3add36\" data-element_type=\"widget\" data-e-type=\"widget\" data-settings=\"{&quot;_animation&quot;:&quot;zoomIn&quot;}\" data-widget_type=\"text-editor.default\">\n\t\t\t\t<div class=\"elementor-widget-container\">\n\t\t\t\t\t\t\t\t\t<p>W\u00e4hlen Sie Ihren pers\u00f6nlichen Wunschtermin und sagen Sie uns, ob Sie per Zoom Video Call oder lieber per Telefon mit uns sprechen m\u00f6chten.<\/p>\n<p><strong>Hinweis:<\/strong> Den Link zum Zoom Video Call erhalten Sie nach Ihrer Buchung per E-Mail und als SMS auf Ihr Smartphone.<\/p>\t\t\t\t\t\t\t\t<\/div>\n\t\t\t\t<\/div>\n\t\t\t\t<div class=\"elementor-element elementor-element-bcd7295 elementor-widget elementor-widget-ameliabooking\" data-id=\"bcd7295\" data-element_type=\"widget\" data-e-type=\"widget\" data-widget_type=\"ameliabooking.default\">\n\t\t\t\t<div class=\"elementor-widget-container\">\n\t\t\t\t\t\n<script>\n  if (typeof hasAmeliaAppointment === 'undefined') {\n    var hasAmeliaAppointment = true;\n  }\n  if (typeof hasAppointmentApiCall === 'undefined' && '' === '') {\n    var hasAppointmentApiCall = true;\n  }\n  var hasBookingShortcode = (typeof hasBookingShortcode === 'undefined') ? false : true;\n  var bookingEntitiesIds = (typeof bookingEntitiesIds === 'undefined') ? [] : bookingEntitiesIds;\n  bookingEntitiesIds.push(\n    {\n      'hasApiCall': (typeof hasAppointmentApiCall !== 'undefined') && hasAppointmentApiCall,\n      'trigger': '',\n      'show': '',\n      'counter': '0',\n      'category': '',\n      'service': '',\n      'employee': '',\n      'location': ''\n    }\n  );\n  var lazyBookingEntitiesIds = (typeof lazyBookingEntitiesIds === 'undefined') ? [] : lazyBookingEntitiesIds;\n  if (bookingEntitiesIds[bookingEntitiesIds.length - 1].trigger !== '') {\n    lazyBookingEntitiesIds.push(bookingEntitiesIds.pop());\n  }\n  if (typeof hasAppointmentApiCall !== 'undefined' && hasAppointmentApiCall) {\n    hasAppointmentApiCall = false;\n  }\n<\/script>\n\n<div id=\"amelia-app-booking0\" class=\"amelia-booking amelia-frontend amelia-app-booking\">\n  <booking id=\"amelia-step-booking0\"><\/booking>\n<\/div>\n\t\t\t\t<\/div>\n\t\t\t\t<\/div>\n\t\t\t\t<div class=\"elementor-element elementor-element-c8ce46f elementor-widget elementor-widget-spacer\" data-id=\"c8ce46f\" data-element_type=\"widget\" data-e-type=\"widget\" data-widget_type=\"spacer.default\">\n\t\t\t\t<div class=\"elementor-widget-container\">\n\t\t\t\t\t\t\t<div class=\"elementor-spacer\">\n\t\t\t<div class=\"elementor-spacer-inner\"><\/div>\n\t\t<\/div>\n\t\t\t\t\t\t<\/div>\n\t\t\t\t<\/div>\n\t\t\t\t\t<\/div>\n\t\t<\/div>\n\t\t\t\t\t<\/div>\n\t\t<\/section>\n\t\t\t\t<\/div>\n\t\t","protected":false},"excerpt":{"rendered":"<p>Kostenloses Beratungsgespr\u00e4ch W\u00e4hlen Sie Ihren pers\u00f6nlichen Wunschtermin und sagen Sie uns, ob Sie per Zoom Video Call oder lieber per Telefon mit uns sprechen m\u00f6chten. Hinweis: Den Link zum Zoom Video Call erhalten Sie nach Ihrer Buchung per E-Mail und als SMS auf Ihr Smartphone.<\/p>","protected":false},"author":1,"featured_media":0,"parent":0,"menu_order":0,"comment_status":"closed","ping_status":"closed","template":"elementor_header_footer","meta":{"footnotes":""},"class_list":["post-1819","page","type-page","status-publish","hentry"],"yoast_head":"<!-- This site is optimized with the Yoast SEO plugin v27.4 - https:\/\/yoast.com\/product\/yoast-seo-wordpress\/ -->\n<title>TERMINBUCHUNG | SVH MEDIA<\/title>\n<meta name=\"robots\" content=\"noindex, nofollow\" \/>\n<meta property=\"og:locale\" content=\"en_GB\" \/>\n<meta property=\"og:type\" content=\"article\" \/>\n<meta property=\"og:title\" content=\"R\u00dcCKRUFTERMIN BUCHEN | SVH MEDIA\" \/>\n<meta property=\"og:description\" content=\"W\u00e4hlen Sie Ihren pers\u00f6nlichen Wunschtermin und sagen Sie uns, ob Sie per Zoom Video Call oder lieber per Telefon mit uns sprechen m\u00f6chten.\" \/>\n<meta property=\"og:url\" content=\"https:\/\/www.svh-media.de\/en\/terminbuchung\/\" \/>\n<meta property=\"og:site_name\" content=\"SVH MEDIA\" \/>\n<meta property=\"article:publisher\" content=\"https:\/\/www.facebook.com\/svhmedia\" \/>\n<meta property=\"article:modified_time\" content=\"2025-01-02T09:50:13+00:00\" \/>\n<meta property=\"og:image\" content=\"https:\/\/www.svh-media.de\/wp-content\/uploads\/2022\/04\/bn_callback-date.png\" \/>\n\t<meta property=\"og:image:width\" content=\"450\" \/>\n\t<meta property=\"og:image:height\" content=\"425\" \/>\n\t<meta property=\"og:image:type\" content=\"image\/png\" \/>\n<meta name=\"twitter:card\" content=\"summary_large_image\" \/>\n<meta name=\"twitter:title\" content=\"R\u00dcCKRUFTERMIN BUCHEN | SVH MEDIA\" \/>\n<meta name=\"twitter:description\" content=\"W\u00e4hlen Sie Ihren pers\u00f6nlichen Wunschtermin und sagen Sie uns, ob Sie per Zoom Video Call oder lieber per Telefon mit uns sprechen m\u00f6chten.\" \/>\n<meta name=\"twitter:image\" content=\"https:\/\/www.svh-media.de\/wp-content\/uploads\/2022\/04\/bn_callback-date.png\" \/>\n<meta name=\"twitter:site\" content=\"@svh_media\" \/>\n<meta name=\"twitter:label1\" content=\"Estimated reading time\" \/>\n\t<meta name=\"twitter:data1\" content=\"1 minute\" \/>\n<script type=\"application\/ld+json\" class=\"yoast-schema-graph\">{\"@context\":\"https:\\\/\\\/schema.org\",\"@graph\":[{\"@type\":\"WebPage\",\"@id\":\"https:\\\/\\\/www.svh-media.de\\\/terminbuchung\\\/\",\"url\":\"https:\\\/\\\/www.svh-media.de\\\/terminbuchung\\\/\",\"name\":\"TERMINBUCHUNG | SVH MEDIA\",\"isPartOf\":{\"@id\":\"https:\\\/\\\/www.svh-media.de\\\/#website\"},\"datePublished\":\"2022-04-26T14:48:33+00:00\",\"dateModified\":\"2025-01-02T09:50:13+00:00\",\"breadcrumb\":{\"@id\":\"https:\\\/\\\/www.svh-media.de\\\/terminbuchung\\\/#breadcrumb\"},\"inLanguage\":\"en-GB\",\"potentialAction\":[{\"@type\":\"ReadAction\",\"target\":[\"https:\\\/\\\/www.svh-media.de\\\/terminbuchung\\\/\"]}]},{\"@type\":\"BreadcrumbList\",\"@id\":\"https:\\\/\\\/www.svh-media.de\\\/terminbuchung\\\/#breadcrumb\",\"itemListElement\":[{\"@type\":\"ListItem\",\"position\":1,\"name\":\"Startseite\",\"item\":\"https:\\\/\\\/www.svh-media.de\\\/\"},{\"@type\":\"ListItem\",\"position\":2,\"name\":\"TERMINBUCHUNG\"}]},{\"@type\":\"WebSite\",\"@id\":\"https:\\\/\\\/www.svh-media.de\\\/#website\",\"url\":\"https:\\\/\\\/www.svh-media.de\\\/\",\"name\":\"SVH MEDIA\",\"description\":\"360\u00b0 Marketing\",\"publisher\":{\"@id\":\"https:\\\/\\\/www.svh-media.de\\\/#organization\"},\"potentialAction\":[{\"@type\":\"SearchAction\",\"target\":{\"@type\":\"EntryPoint\",\"urlTemplate\":\"https:\\\/\\\/www.svh-media.de\\\/?s={search_term_string}\"},\"query-input\":{\"@type\":\"PropertyValueSpecification\",\"valueRequired\":true,\"valueName\":\"search_term_string\"}}],\"inLanguage\":\"en-GB\"},{\"@type\":\"Organization\",\"@id\":\"https:\\\/\\\/www.svh-media.de\\\/#organization\",\"name\":\"SVH MEDIA\",\"url\":\"https:\\\/\\\/www.svh-media.de\\\/\",\"logo\":{\"@type\":\"ImageObject\",\"inLanguage\":\"en-GB\",\"@id\":\"https:\\\/\\\/www.svh-media.de\\\/#\\\/schema\\\/logo\\\/image\\\/\",\"url\":\"https:\\\/\\\/www.svh-media.de\\\/wp-content\\\/uploads\\\/2020\\\/10\\\/svh-media-weblogo-700.png\",\"contentUrl\":\"https:\\\/\\\/www.svh-media.de\\\/wp-content\\\/uploads\\\/2020\\\/10\\\/svh-media-weblogo-700.png\",\"width\":700,\"height\":135,\"caption\":\"SVH MEDIA\"},\"image\":{\"@id\":\"https:\\\/\\\/www.svh-media.de\\\/#\\\/schema\\\/logo\\\/image\\\/\"},\"sameAs\":[\"https:\\\/\\\/www.facebook.com\\\/svhmedia\",\"https:\\\/\\\/x.com\\\/svh_media\",\"https:\\\/\\\/www.instagram.com\\\/svhmedia\\\/\",\"https:\\\/\\\/de.linkedin.com\\\/pub\\\/sven-hamann\\\/95\\\/207\\\/706\"]}]}<\/script>\n<!-- \/ Yoast SEO plugin. -->","yoast_head_json":{"title":"TERMINBUCHUNG | SVH MEDIA","robots":{"index":"noindex","follow":"nofollow"},"og_locale":"en_GB","og_type":"article","og_title":"R\u00dcCKRUFTERMIN BUCHEN | SVH MEDIA","og_description":"W\u00e4hlen Sie Ihren pers\u00f6nlichen Wunschtermin und sagen Sie uns, ob Sie per Zoom Video Call oder lieber per Telefon mit uns sprechen m\u00f6chten.","og_url":"https:\/\/www.svh-media.de\/en\/terminbuchung\/","og_site_name":"SVH MEDIA","article_publisher":"https:\/\/www.facebook.com\/svhmedia","article_modified_time":"2025-01-02T09:50:13+00:00","og_image":[{"width":450,"height":425,"url":"https:\/\/www.svh-media.de\/wp-content\/uploads\/2022\/04\/bn_callback-date.png","type":"image\/png"}],"twitter_card":"summary_large_image","twitter_title":"R\u00dcCKRUFTERMIN BUCHEN | SVH MEDIA","twitter_description":"W\u00e4hlen Sie Ihren pers\u00f6nlichen Wunschtermin und sagen Sie uns, ob Sie per Zoom Video Call oder lieber per Telefon mit uns sprechen m\u00f6chten.","twitter_image":"https:\/\/www.svh-media.de\/wp-content\/uploads\/2022\/04\/bn_callback-date.png","twitter_site":"@svh_media","twitter_misc":{"Estimated reading time":"1 minute"},"schema":{"@context":"https:\/\/schema.org","@graph":[{"@type":"WebPage","@id":"https:\/\/www.svh-media.de\/terminbuchung\/","url":"https:\/\/www.svh-media.de\/terminbuchung\/","name":"TERMINBUCHUNG | SVH MEDIA","isPartOf":{"@id":"https:\/\/www.svh-media.de\/#website"},"datePublished":"2022-04-26T14:48:33+00:00","dateModified":"2025-01-02T09:50:13+00:00","breadcrumb":{"@id":"https:\/\/www.svh-media.de\/terminbuchung\/#breadcrumb"},"inLanguage":"en-GB","potentialAction":[{"@type":"ReadAction","target":["https:\/\/www.svh-media.de\/terminbuchung\/"]}]},{"@type":"BreadcrumbList","@id":"https:\/\/www.svh-media.de\/terminbuchung\/#breadcrumb","itemListElement":[{"@type":"ListItem","position":1,"name":"Startseite","item":"https:\/\/www.svh-media.de\/"},{"@type":"ListItem","position":2,"name":"TERMINBUCHUNG"}]},{"@type":"WebSite","@id":"https:\/\/www.svh-media.de\/#website","url":"https:\/\/www.svh-media.de\/","name":"SVH MEDIA","description":"360\u00b0 Marketing","publisher":{"@id":"https:\/\/www.svh-media.de\/#organization"},"potentialAction":[{"@type":"SearchAction","target":{"@type":"EntryPoint","urlTemplate":"https:\/\/www.svh-media.de\/?s={search_term_string}"},"query-input":{"@type":"PropertyValueSpecification","valueRequired":true,"valueName":"search_term_string"}}],"inLanguage":"en-GB"},{"@type":"Organization","@id":"https:\/\/www.svh-media.de\/#organization","name":"SVH MEDIA","url":"https:\/\/www.svh-media.de\/","logo":{"@type":"ImageObject","inLanguage":"en-GB","@id":"https:\/\/www.svh-media.de\/#\/schema\/logo\/image\/","url":"https:\/\/www.svh-media.de\/wp-content\/uploads\/2020\/10\/svh-media-weblogo-700.png","contentUrl":"https:\/\/www.svh-media.de\/wp-content\/uploads\/2020\/10\/svh-media-weblogo-700.png","width":700,"height":135,"caption":"SVH MEDIA"},"image":{"@id":"https:\/\/www.svh-media.de\/#\/schema\/logo\/image\/"},"sameAs":["https:\/\/www.facebook.com\/svhmedia","https:\/\/x.com\/svh_media","https:\/\/www.instagram.com\/svhmedia\/","https:\/\/de.linkedin.com\/pub\/sven-hamann\/95\/207\/706"]}]}},"_links":{"self":[{"href":"https:\/\/www.svh-media.de\/en\/wp-json\/wp\/v2\/pages\/1819","targetHints":{"allow":["GET"]}}],"collection":[{"href":"https:\/\/www.svh-media.de\/en\/wp-json\/wp\/v2\/pages"}],"about":[{"href":"https:\/\/www.svh-media.de\/en\/wp-json\/wp\/v2\/types\/page"}],"author":[{"embeddable":true,"href":"https:\/\/www.svh-media.de\/en\/wp-json\/wp\/v2\/users\/1"}],"replies":[{"embeddable":true,"href":"https:\/\/www.svh-media.de\/en\/wp-json\/wp\/v2\/comments?post=1819"}],"version-history":[{"count":45,"href":"https:\/\/www.svh-media.de\/en\/wp-json\/wp\/v2\/pages\/1819\/revisions"}],"predecessor-version":[{"id":1915,"href":"https:\/\/www.svh-media.de\/en\/wp-json\/wp\/v2\/pages\/1819\/revisions\/1915"}],"wp:attachment":[{"href":"https:\/\/www.svh-media.de\/en\/wp-json\/wp\/v2\/media?parent=1819"}],"curies":[{"name":"wp","href":"https:\/\/api.w.org\/{rel}","templated":true}]}}